{"id":15,"date":"2017-07-25T09:28:44","date_gmt":"2017-07-25T09:28:44","guid":{"rendered":"http:\/\/demo2.steelthemes.com\/cargohub\/?page_id=15"},"modified":"2024-03-10T23:43:18","modified_gmt":"2024-03-10T23:43:18","slug":"hakkimizda","status":"publish","type":"page","link":"https:\/\/yukpet.net\/index.php\/hakkimizda\/","title":{"rendered":"Hakk\u0131m\u0131zda"},"content":{"rendered":"<div class=\"wpb-content-wrapper\"><p>[vc_row css=&#8221;.vc_custom_1503376024695{padding-top: 66px !important;padding-bottom: 60px !important;}&#8221;][vc_column offset=&#8221;vc_col-lg-4 vc_col-md-4&#8243; css=&#8221;.vc_custom_1503376029710{padding-bottom: 20px !important;}&#8221;][vc_empty_space height=&#8221;14px&#8221;][vc_single_image image=&#8221;2427&#8243; img_size=&#8221;full&#8221;][\/vc_column][vc_column offset=&#8221;vc_col-lg-8 vc_col-md-8&#8243; css=&#8221;.vc_custom_1503376034901{padding-bottom: 20px !important;}&#8221;]<div class=\"fh-section-title clearfix  text-left version-dark\"><h2 style=\"font-size: 36px\">B\u0130Z K\u0130M\u0130Z?<\/h2><\/div>[vc_empty_space height=&#8221;45px&#8221;][vc_column_text]Y\u00fckpet, in\u015faat, asfalt, nakliyat, taahh\u00fct ve ticaret alanlar\u0131nda uzun y\u0131llara dayanan deneyimiyle \u00f6ne \u00e7\u0131kan bir firmad\u0131r. M\u00fc\u015fterilerimize sundu\u011fumuz geni\u015f hizmet yelpazesiyle sekt\u00f6rde g\u00fcvenilir bir marka olmay\u0131 hedefleriz.<\/p>\n<p>&nbsp;<\/p>\n<p>Sekt\u00f6rdeki tecr\u00fcbemiz ve uzman kadromuz, her projede kaliteli ve g\u00fcvenilir \u00e7\u00f6z\u00fcmler sunmam\u0131z\u0131 sa\u011flar. \u0130n\u015faat, asfalt d\u00f6k\u00fcm\u00fc, nakliyat ve taahh\u00fct alanlar\u0131nda uzmanla\u015fm\u0131\u015f bir ekip olarak, projelerimizi titizlikle y\u00f6netiriz. M\u00fc\u015fterilerimizin ihtiya\u00e7lar\u0131na odaklanarak, onlar\u0131n beklentilerini kar\u015f\u0131layacak ve a\u015facak hizmetler sunmay\u0131 ama\u00e7lar\u0131z. M\u00fc\u015fteri memnuniyeti, i\u015fimizin merkezinde yer al\u0131r.<\/p>\n<p>&nbsp;<\/p>\n<p>Y\u00fckpet olarak, sekt\u00f6rdeki liderli\u011fimizi s\u00fcrd\u00fcrmek ve m\u00fc\u015fterilerimize de\u011fer katmaya devam etmek i\u00e7in azimle \u00e7al\u0131\u015f\u0131r\u0131z. G\u00fcvenilirlik, kalite ve m\u00fc\u015fteri memnuniyeti ilkelerimizle her zaman yan\u0131n\u0131zday\u0131z.[\/vc_column_text][vc_empty_space height=&#8221;20px&#8221;][vc_empty_space height=&#8221;35px&#8221;][vc_single_image image=&#8221;1931&#8243; img_size=&#8221;full&#8221;][\/vc_column][\/vc_row][vc_row css=&#8221;.vc_custom_1500607464181{margin-bottom: 75px !important;padding-top: 75px !important;padding-bottom: 45px !important;background-color: #0c1239 !important;}&#8221;][vc_column css_animation=&#8221;slideInRight&#8221; offset=&#8221;vc_col-lg-4 vc_col-md-6&#8243;]<div class=\"fh-feature-box \"><span class=\"chars\">y<\/span><h4 class=\"box-title\">Misyonumuz<\/h4><div class=\"desc\">Misyonumuz, sekt\u00f6rde liderlik hedefiyle m\u00fc\u015fterilere kaliteli hizmet sunmak ve s\u00fcrd\u00fcr\u00fclebilirlikle \u00f6nc\u00fc olmakt\u0131r.<\/div><\/div>[\/vc_column][vc_column css_animation=&#8221;slideInRight&#8221; offset=&#8221;vc_col-lg-4 vc_col-md-6&#8243;]<div class=\"fh-feature-box \"><span class=\"chars\">y<\/span><h4 class=\"box-title\">Vizyonumuz<\/h4><div class=\"desc\">Vizyonumuz, sekt\u00f6rde lider olmak ve m\u00fc\u015fterilerimizin g\u00fcvenini kazanmak. S\u00fcrd\u00fcr\u00fclebilirlik ilkesiyle kaliteli hizmetler sunarak \u00f6nc\u00fc bir marka olmay\u0131 hedefliyoruz.<\/div><\/div>[\/vc_column][vc_column css_animation=&#8221;slideInRight&#8221; offset=&#8221;vc_col-lg-4 vc_col-md-6&#8243;]<div class=\"fh-feature-box \"><span class=\"chars\">D<\/span><h4 class=\"box-title\">De\u011ferlerimiz<\/h4><div class=\"desc\">Prosed\u00fcrler, de\u011ferler ve tutumlar itibar\u0131m\u0131z i\u00e7in \u00e7ok \u00f6nemlidir; elde etti\u011fimiz ba\u015far\u0131dan bahsetmeye bile gerek yok.<\/div><\/div>[\/vc_column][\/vc_row][vc_row css=&#8221;.vc_custom_1500606740069{padding-bottom: 50px !important;}&#8221;][vc_column css_animation=&#8221;slideInUp&#8221;]<div class=\"fh-section-title clearfix  text-center version-dark\"><h2 style=\"font-size: 36px\">NEDEN B\u0130Z\u0130 SE\u00c7MEL\u0130S\u0130N\u0130Z?<\/h2><\/div>[\/vc_column][\/vc_row][vc_row css=&#8221;.vc_custom_1500606467986{padding-bottom: 25px !important;}&#8221;][vc_column css_animation=&#8221;slideInUp&#8221; offset=&#8221;vc_col-lg-4 vc_col-md-6&#8243;]<div class=\"fh-icon-box icon-type-theme_icon style-2 version-dark hide-button icon-center  \" style=\"background-image: url()\"><span class=\"fh-icon\"><i class=\"flaticon-international-delivery\"><\/i><\/span><h4 class=\"box-title\"><span >K\u00fcresel Tedarik Zinciri<\/span><\/h4><div class=\"desc\"><p>\u00c7apraz medya de\u011feri olmadan \u00e7apraz medya bilgilerini verimli bir \u015fekilde a\u00e7\u0131\u011fa \u00e7\u0131kar\u0131n.<\/p>\n<\/div><\/div>[\/vc_column][vc_column css_animation=&#8221;slideInUp&#8221; offset=&#8221;vc_col-lg-4 vc_col-md-6&#8243;]<div class=\"fh-icon-box icon-type-theme_icon style-2 version-dark hide-button icon-center  \" style=\"background-image: url()\"><span class=\"fh-icon\"><i class=\"flaticon-people\"><\/i><\/span><h4 class=\"box-title\"><span >24 Saat Destek<\/span><\/h4><div class=\"desc\"><p>Biz uluslararas\u0131 mal nakliyesi konusunda uzman\u0131z.<\/p>\n<\/div><\/div>[\/vc_column][vc_column css_animation=&#8221;slideInUp&#8221; offset=&#8221;vc_col-lg-4 vc_col-md-6&#8243;]<div class=\"fh-icon-box icon-type-theme_icon style-2 version-dark hide-button icon-center  \" style=\"background-image: url()\"><span class=\"fh-icon\"><i class=\"flaticon-route\"><\/i><\/span><h4 class=\"box-title\"><span >Mobil G\u00f6nderi Takibi<\/span><\/h4><div class=\"desc\"><p>Yol ve kuyru\u011fun yan\u0131 s\u0131ra karma\u015f\u0131k \u00f6zel hizmetler i\u00e7in ak\u0131ll\u0131 konseptler sunuyoruz.<\/p>\n<\/div><\/div>[\/vc_column][\/vc_row][vc_row css=&#8221;.vc_custom_1500606766979{margin-bottom: 45px !important;}&#8221;][vc_column offset=&#8221;vc_col-lg-2 vc_hidden-md vc_hidden-sm vc_hidden-xs&#8221;][\/vc_column][vc_column css_animation=&#8221;slideInUp&#8221; offset=&#8221;vc_col-lg-4 vc_col-md-6&#8243;]<div class=\"fh-icon-box icon-type-theme_icon style-2 version-dark hide-button icon-center  \" style=\"background-image: url()\"><span class=\"fh-icon\"><i class=\"flaticon-open-cardboard-box\"><\/i><\/span><h4 class=\"box-title\"><span >Dikkatli Kullan\u0131m<\/span><\/h4><div class=\"desc\"><p>Kargo HUB&#8217;lar\u0131 yolculuklar\u0131n\u0131n bir a\u015famas\u0131nda d\u00fcnya yollar\u0131nda ta\u015f\u0131n\u0131r.<\/p>\n<\/div><\/div>[\/vc_column][vc_column css_animation=&#8221;slideInUp&#8221; offset=&#8221;vc_col-lg-4 vc_col-md-6&#8243;]<div class=\"fh-icon-box icon-type-theme_icon style-2 version-dark hide-button icon-center  \" style=\"background-image: url()\"><span class=\"fh-icon\"><i class=\"flaticon-alarm-clock\"><\/i><\/span><h4 class=\"box-title\"><span >Kap\u0131da Teslim S\u00fcresi<\/span><\/h4><div class=\"desc\"><p>Yol ve kuyru\u011fun yan\u0131 s\u0131ra karma\u015f\u0131k \u00f6zel hizmetler i\u00e7in ak\u0131ll\u0131 konseptler sunuyoruz.<\/p>\n<\/div><\/div>[\/vc_column][vc_column width=&#8221;1\/6&#8243; offset=&#8221;vc_col-lg-2 vc_hidden-md vc_hidden-sm vc_hidden-xs&#8221;][\/vc_column][\/vc_row][vc_row][vc_column][vc_column_text][\/vc_column_text][\/vc_column][\/vc_row]<\/p>\n<\/div>","protected":false},"excerpt":{"rendered":"<p>[vc_row css=&#8221;.vc_custom_1503376024695{padding-top: 66px !important;padding-bottom: 60px !important;}&#8221;][vc_column offset=&#8221;vc_col-lg-4 vc_col-md-4&#8243; css=&#8221;.vc_custom_1503376029710{padding-bottom: 20px !important;}&#8221;][vc_empty_space height=&#8221;14px&#8221;][vc_single_image image=&#8221;2427&#8243; img_size=&#8221;full&#8221;][\/vc_column][vc_column offset=&#8221;vc_col-lg-8 vc_col-md-8&#8243; css=&#8221;.vc_custom_1503376034901{padding-bottom: 20px !important;}&#8221;][vc_empty_space height=&#8221;45px&#8221;][vc_column_text]Y\u00fckpet,&hellip;<\/p>\n","protected":false},"author":1,"featured_media":0,"parent":0,"menu_order":0,"comment_status":"closed","ping_status":"closed","template":"template-fullwidth.php","meta":{"om_disable_all_campaigns":false,"_monsterinsights_skip_tracking":false,"_monsterinsights_sitenote_active":false,"_monsterinsights_sitenote_note":"","_monsterinsights_sitenote_category":0,"_uf_show_specific_survey":0,"_uf_disable_surveys":false,"_joinchat":[],"footnotes":""},"class_list":["post-15","page","type-page","status-publish","hentry","no-thumb"],"yoast_head":"<!-- This site is optimized with the Yoast SEO plugin v25.3 - https:\/\/yoast.com\/wordpress\/plugins\/seo\/ -->\n<title>Hakk\u0131m\u0131zda - Y\u00fckpet<\/title>\n<meta name=\"robots\" content=\"index, follow, max-snippet:-1, max-image-preview:large, max-video-preview:-1\" \/>\n<link rel=\"canonical\" href=\"https:\/\/yukpet.net\/index.php\/hakkimizda\/\" \/>\n<meta property=\"og:locale\" content=\"tr_TR\" \/>\n<meta property=\"og:type\" content=\"article\" \/>\n<meta property=\"og:title\" content=\"Hakk\u0131m\u0131zda - Y\u00fckpet\" \/>\n<meta property=\"og:description\" content=\"[vc_row css=&#8221;.vc_custom_1503376024695{padding-top: 66px !important;padding-bottom: 60px !important;}&#8221;][vc_column offset=&#8221;vc_col-lg-4 vc_col-md-4&#8243; css=&#8221;.vc_custom_1503376029710{padding-bottom: 20px !important;}&#8221;][vc_empty_space height=&#8221;14px&#8221;][vc_single_image image=&#8221;2427&#8243; img_size=&#8221;full&#8221;][\/vc_column][vc_column offset=&#8221;vc_col-lg-8 vc_col-md-8&#8243; css=&#8221;.vc_custom_1503376034901{padding-bottom: 20px !important;}&#8221;][vc_empty_space height=&#8221;45px&#8221;][vc_column_text]Y\u00fckpet,&hellip;\" \/>\n<meta property=\"og:url\" content=\"https:\/\/yukpet.net\/index.php\/hakkimizda\/\" \/>\n<meta property=\"og:site_name\" content=\"Y\u00fckpet\" \/>\n<meta property=\"article:modified_time\" content=\"2024-03-10T23:43:18+00:00\" \/>\n<meta name=\"twitter:card\" content=\"summary_large_image\" \/>\n<meta name=\"twitter:label1\" content=\"Tahmini okuma s\u00fcresi\" \/>\n\t<meta name=\"twitter:data1\" content=\"4 dakika\" \/>\n<script type=\"application\/ld+json\" class=\"yoast-schema-graph\">{\"@context\":\"https:\/\/schema.org\",\"@graph\":[{\"@type\":\"WebPage\",\"@id\":\"https:\/\/yukpet.net\/index.php\/hakkimizda\/\",\"url\":\"https:\/\/yukpet.net\/index.php\/hakkimizda\/\",\"name\":\"Hakk\u0131m\u0131zda - Y\u00fckpet\",\"isPartOf\":{\"@id\":\"https:\/\/yukpet.net\/#website\"},\"datePublished\":\"2017-07-25T09:28:44+00:00\",\"dateModified\":\"2024-03-10T23:43:18+00:00\",\"inLanguage\":\"tr\",\"potentialAction\":[{\"@type\":\"ReadAction\",\"target\":[\"https:\/\/yukpet.net\/index.php\/hakkimizda\/\"]}]},{\"@type\":\"WebSite\",\"@id\":\"https:\/\/yukpet.net\/#website\",\"url\":\"https:\/\/yukpet.net\/\",\"name\":\"Y\u00fckpet\",\"description\":\"\u0130n\u015faat, Asfalt, Nakliyat, Taahh\u00fct ve Ticaret Limited \u015eirketi.\",\"publisher\":{\"@id\":\"https:\/\/yukpet.net\/#organization\"},\"potentialAction\":[{\"@type\":\"SearchAction\",\"target\":{\"@type\":\"EntryPoint\",\"urlTemplate\":\"https:\/\/yukpet.net\/?s={search_term_string}\"},\"query-input\":{\"@type\":\"PropertyValueSpecification\",\"valueRequired\":true,\"valueName\":\"search_term_string\"}}],\"inLanguage\":\"tr\"},{\"@type\":\"Organization\",\"@id\":\"https:\/\/yukpet.net\/#organization\",\"name\":\"Y\u00fckpet asfalt in\u015faat\",\"url\":\"https:\/\/yukpet.net\/\",\"logo\":{\"@type\":\"ImageObject\",\"inLanguage\":\"tr\",\"@id\":\"https:\/\/yukpet.net\/#\/schema\/logo\/image\/\",\"url\":\"https:\/\/yukpet.net\/wp-content\/uploads\/2024\/02\/b.png\",\"contentUrl\":\"https:\/\/yukpet.net\/wp-content\/uploads\/2024\/02\/b.png\",\"width\":1280,\"height\":611,\"caption\":\"Y\u00fckpet asfalt in\u015faat\"},\"image\":{\"@id\":\"https:\/\/yukpet.net\/#\/schema\/logo\/image\/\"}}]}<\/script>\n<!-- \/ Yoast SEO plugin. -->","yoast_head_json":{"title":"Hakk\u0131m\u0131zda - Y\u00fckpet","robots":{"index":"index","follow":"follow","max-snippet":"max-snippet:-1","max-image-preview":"max-image-preview:large","max-video-preview":"max-video-preview:-1"},"canonical":"https:\/\/yukpet.net\/index.php\/hakkimizda\/","og_locale":"tr_TR","og_type":"article","og_title":"Hakk\u0131m\u0131zda - Y\u00fckpet","og_description":"[vc_row css=&#8221;.vc_custom_1503376024695{padding-top: 66px !important;padding-bottom: 60px !important;}&#8221;][vc_column offset=&#8221;vc_col-lg-4 vc_col-md-4&#8243; css=&#8221;.vc_custom_1503376029710{padding-bottom: 20px !important;}&#8221;][vc_empty_space height=&#8221;14px&#8221;][vc_single_image image=&#8221;2427&#8243; img_size=&#8221;full&#8221;][\/vc_column][vc_column offset=&#8221;vc_col-lg-8 vc_col-md-8&#8243; css=&#8221;.vc_custom_1503376034901{padding-bottom: 20px !important;}&#8221;][vc_empty_space height=&#8221;45px&#8221;][vc_column_text]Y\u00fckpet,&hellip;","og_url":"https:\/\/yukpet.net\/index.php\/hakkimizda\/","og_site_name":"Y\u00fckpet","article_modified_time":"2024-03-10T23:43:18+00:00","twitter_card":"summary_large_image","twitter_misc":{"Tahmini okuma s\u00fcresi":"4 dakika"},"schema":{"@context":"https:\/\/schema.org","@graph":[{"@type":"WebPage","@id":"https:\/\/yukpet.net\/index.php\/hakkimizda\/","url":"https:\/\/yukpet.net\/index.php\/hakkimizda\/","name":"Hakk\u0131m\u0131zda - Y\u00fckpet","isPartOf":{"@id":"https:\/\/yukpet.net\/#website"},"datePublished":"2017-07-25T09:28:44+00:00","dateModified":"2024-03-10T23:43:18+00:00","inLanguage":"tr","potentialAction":[{"@type":"ReadAction","target":["https:\/\/yukpet.net\/index.php\/hakkimizda\/"]}]},{"@type":"WebSite","@id":"https:\/\/yukpet.net\/#website","url":"https:\/\/yukpet.net\/","name":"Y\u00fckpet","description":"\u0130n\u015faat, Asfalt, Nakliyat, Taahh\u00fct ve Ticaret Limited \u015eirketi.","publisher":{"@id":"https:\/\/yukpet.net\/#organization"},"potentialAction":[{"@type":"SearchAction","target":{"@type":"EntryPoint","urlTemplate":"https:\/\/yukpet.net\/?s={search_term_string}"},"query-input":{"@type":"PropertyValueSpecification","valueRequired":true,"valueName":"search_term_string"}}],"inLanguage":"tr"},{"@type":"Organization","@id":"https:\/\/yukpet.net\/#organization","name":"Y\u00fckpet asfalt in\u015faat","url":"https:\/\/yukpet.net\/","logo":{"@type":"ImageObject","inLanguage":"tr","@id":"https:\/\/yukpet.net\/#\/schema\/logo\/image\/","url":"https:\/\/yukpet.net\/wp-content\/uploads\/2024\/02\/b.png","contentUrl":"https:\/\/yukpet.net\/wp-content\/uploads\/2024\/02\/b.png","width":1280,"height":611,"caption":"Y\u00fckpet asfalt in\u015faat"},"image":{"@id":"https:\/\/yukpet.net\/#\/schema\/logo\/image\/"}}]}},"_links":{"self":[{"href":"https:\/\/yukpet.net\/index.php\/wp-json\/wp\/v2\/pages\/15","targetHints":{"allow":["GET"]}}],"collection":[{"href":"https:\/\/yukpet.net\/index.php\/wp-json\/wp\/v2\/pages"}],"about":[{"href":"https:\/\/yukpet.net\/index.php\/wp-json\/wp\/v2\/types\/page"}],"author":[{"embeddable":true,"href":"https:\/\/yukpet.net\/index.php\/wp-json\/wp\/v2\/users\/1"}],"replies":[{"embeddable":true,"href":"https:\/\/yukpet.net\/index.php\/wp-json\/wp\/v2\/comments?post=15"}],"version-history":[{"count":16,"href":"https:\/\/yukpet.net\/index.php\/wp-json\/wp\/v2\/pages\/15\/revisions"}],"predecessor-version":[{"id":2776,"href":"https:\/\/yukpet.net\/index.php\/wp-json\/wp\/v2\/pages\/15\/revisions\/2776"}],"wp:attachment":[{"href":"https:\/\/yukpet.net\/index.php\/wp-json\/wp\/v2\/media?parent=15"}],"curies":[{"name":"wp","href":"https:\/\/api.w.org\/{rel}","templated":true}]}}