{"id":27,"date":"2024-03-01T09:31:09","date_gmt":"2024-03-01T09:31:09","guid":{"rendered":"http:\/\/demo2.steelthemes.com\/cargohub\/?page_id=27"},"modified":"2024-03-10T23:43:24","modified_gmt":"2024-03-10T23:43:24","slug":"hizmetlerimiz","status":"publish","type":"page","link":"https:\/\/yukpet.net\/index.php\/hizmetlerimiz\/","title":{"rendered":"H\u0130ZMETLER\u0130M\u0130Z"},"content":{"rendered":"<div class=\"wpb-content-wrapper\"><p>[vc_row css=&#8221;.vc_custom_1500957224126{padding-top: 75px !important;padding-bottom: 30px !important;}&#8221;][vc_column][vc_row_inner css=&#8221;.vc_custom_1503375948783{padding-bottom: 25px !important;}&#8221;][vc_column_inner offset=&#8221;vc_col-lg-6 vc_col-md-6&#8243; css=&#8221;.vc_custom_1503375955438{padding-bottom: 30px !important;}&#8221;][vc_column_text css=&#8221;.vc_custom_1709331529835{border-left-width: 2px !important;padding-left: 20px !important;border-left-color: #ff0000 !important;border-left-style: solid !important;}&#8221;]<\/p>\n<div style=\"font-size: 30px; font-weight: 600; color: #222; line-height: 1; font-family: 'Montserrat', sans-serif; text-transform: uppercase;\">\n<p style=\"margin-bottom: 10px;\">Y\u00dcKPET<\/p>\n<\/div>\n<p>[\/vc_column_text][vc_empty_space height=&#8221;30px&#8221;][vc_column_text css=&#8221;.vc_custom_1709331402585{padding-left: 20px !important;}&#8221;]<\/p>\n<div style=\"font-size: 22px;\">Yollar\u0131 \u0130n\u015fa Ederken, Gelece\u011fi Ta\u015f\u0131yoruz<\/div>\n<p>[\/vc_column_text][\/vc_column_inner][vc_column_inner offset=&#8221;vc_col-lg-6 vc_col-md-6&#8243; css=&#8221;.vc_custom_1503375962718{padding-bottom: 30px !important;}&#8221;][vc_column_text]Y\u00fckpet, geni\u015f hizmet yelpazesiyle in\u015faat, asfalt, nakliyat, taahh\u00fct ve ticaret alanlar\u0131nda sekt\u00f6rde \u00f6nc\u00fc bir firma olarak faaliyet g\u00f6stermektedir. Yol in\u015faat\u0131ndan ta\u015f\u0131mac\u0131l\u0131\u011fa kadar geni\u015f bir alanda hizmet sunan Y\u00fckpet, m\u00fc\u015fterilerine kaliteli \u00e7\u00f6z\u00fcmler sa\u011flamay\u0131 hedefler.[\/vc_column_text][vc_empty_space height=&#8221;25px&#8221;][\/vc_column_inner][\/vc_row_inner]<div class=\"fh-service  style-bordered\">\n                <div class=\"service-list row\"><div class=\"item-service  col-xs-12 col-sm-6 col-md-4\">\n\t\t\t\t\t<div class=\"service-content\">\n\t\t\t\t\t\t<div class=\"entry-thumbnail\">\n\t\t\t\t\t\t\t<a class=\"link\" href=\"https:\/\/yukpet.net\/index.php\/service\/kazi-yol-ve-temel-hafriyati\/\"><\/a>\n\t\t\t\t\t\t\t<a href=\"https:\/\/yukpet.net\/index.php\/service\/kazi-yol-ve-temel-hafriyati\/\"><\/a>\n\t\t\t\t\t\t\t<img loading=\"lazy\" decoding=\"async\" width=\"540\" height=\"360\" src=\"https:\/\/yukpet.net\/wp-content\/uploads\/2024\/12\/4-540x360.jpeg\" class=\"attachment-cargohub-blog-grid-thumb-3 size-cargohub-blog-grid-thumb-3 wp-post-image\" alt=\"\" \/>\n\t\t\t\t\t\t<\/div>\n\t\t\t\t\t\t<div class=\"summary\">\n\t\t\t\t\t\t\t<h2 class=\"entry-title\"><a href=\"https:\/\/yukpet.net\/index.php\/service\/kazi-yol-ve-temel-hafriyati\/\">Kaz\u0131, Yol ve Temel Hafriyat\u0131<\/a><\/h2>\n\t\t\t\t\t\t\t<p>Y\u00fckpet, yol yap\u0131m\u0131 ve bak\u0131m\u0131nda uzmanla\u015fm\u0131\u015f bir firma olarak, asfalt serme ve s\u0131k\u0131\u015ft\u0131rma hizmeti sunmaktad\u0131r. Bu hizmet, yollar\u0131n in\u015fas\u0131, yenilenmesi ve bak\u0131m\u0131 s\u00fcrecinde kritik bir rol oynamaktad\u0131r.<\/p>\n\t\t\t\t\t\t\t<a href=\"https:\/\/yukpet.net\/index.php\/service\/kazi-yol-ve-temel-hafriyati\/\" class=\"read-more\">Daha Fazla...<\/a>\n\t\t\t\t\t\t<\/div>\n\t\t\t\t\t<\/div>\n\t\t\t\t<\/div><div class=\"item-service  col-xs-12 col-sm-6 col-md-4\">\n\t\t\t\t\t<div class=\"service-content\">\n\t\t\t\t\t\t<div class=\"entry-thumbnail\">\n\t\t\t\t\t\t\t<a class=\"link\" href=\"https:\/\/yukpet.net\/index.php\/service\/hafriyat-ve-nakliyat\/\"><\/a>\n\t\t\t\t\t\t\t<a href=\"https:\/\/yukpet.net\/index.php\/service\/hafriyat-ve-nakliyat\/\"><\/a>\n\t\t\t\t\t\t\t<img loading=\"lazy\" decoding=\"async\" width=\"540\" height=\"360\" src=\"https:\/\/yukpet.net\/wp-content\/uploads\/2024\/12\/5-1-540x360.jpeg\" class=\"attachment-cargohub-blog-grid-thumb-3 size-cargohub-blog-grid-thumb-3 wp-post-image\" alt=\"\" \/>\n\t\t\t\t\t\t<\/div>\n\t\t\t\t\t\t<div class=\"summary\">\n\t\t\t\t\t\t\t<h2 class=\"entry-title\"><a href=\"https:\/\/yukpet.net\/index.php\/service\/hafriyat-ve-nakliyat\/\">Hafriyat ve Nakliyat<\/a><\/h2>\n\t\t\t\t\t\t\t<p>Y\u00fckpet, yol yap\u0131m\u0131 ve bak\u0131m\u0131nda uzmanla\u015fm\u0131\u015f bir firma olarak, asfalt serme ve s\u0131k\u0131\u015ft\u0131rma hizmeti sunmaktad\u0131r. Bu hizmet, yollar\u0131n in\u015fas\u0131, yenilenmesi ve bak\u0131m\u0131 s\u00fcrecinde kritik bir rol oynamaktad\u0131r.<\/p>\n\t\t\t\t\t\t\t<a href=\"https:\/\/yukpet.net\/index.php\/service\/hafriyat-ve-nakliyat\/\" class=\"read-more\">Daha Fazla...<\/a>\n\t\t\t\t\t\t<\/div>\n\t\t\t\t\t<\/div>\n\t\t\t\t<\/div><div class=\"item-service  col-xs-12 col-sm-6 col-md-4\">\n\t\t\t\t\t<div class=\"service-content\">\n\t\t\t\t\t\t<div class=\"entry-thumbnail\">\n\t\t\t\t\t\t\t<a class=\"link\" href=\"https:\/\/yukpet.net\/index.php\/service\/kanal-acma-hizmetleri\/\"><\/a>\n\t\t\t\t\t\t\t<a href=\"https:\/\/yukpet.net\/index.php\/service\/kanal-acma-hizmetleri\/\"><\/a>\n\t\t\t\t\t\t\t<img loading=\"lazy\" decoding=\"async\" width=\"540\" height=\"360\" src=\"https:\/\/yukpet.net\/wp-content\/uploads\/2024\/03\/6204bc2a-3864-45f0-ab6a-de937bd76321-540x360.jpg\" class=\"attachment-cargohub-blog-grid-thumb-3 size-cargohub-blog-grid-thumb-3 wp-post-image\" alt=\"\" \/>\n\t\t\t\t\t\t<\/div>\n\t\t\t\t\t\t<div class=\"summary\">\n\t\t\t\t\t\t\t<h2 class=\"entry-title\"><a href=\"https:\/\/yukpet.net\/index.php\/service\/kanal-acma-hizmetleri\/\">Kanal A\u00e7ma Hizmetleri<\/a><\/h2>\n\t\t\t\t\t\t\t<p>Y\u00fckpet, yol yap\u0131m\u0131 ve bak\u0131m\u0131nda uzmanla\u015fm\u0131\u015f bir firma olarak, asfalt serme ve s\u0131k\u0131\u015ft\u0131rma hizmeti sunmaktad\u0131r. Bu hizmet, yollar\u0131n in\u015fas\u0131, yenilenmesi ve bak\u0131m\u0131 s\u00fcrecinde kritik bir rol oynamaktad\u0131r.<\/p>\n\t\t\t\t\t\t\t<a href=\"https:\/\/yukpet.net\/index.php\/service\/kanal-acma-hizmetleri\/\" class=\"read-more\">Daha Fazla...<\/a>\n\t\t\t\t\t\t<\/div>\n\t\t\t\t\t<\/div>\n\t\t\t\t<\/div><div class=\"item-service  col-xs-12 col-sm-6 col-md-4\">\n\t\t\t\t\t<div class=\"service-content\">\n\t\t\t\t\t\t<div class=\"entry-thumbnail\">\n\t\t\t\t\t\t\t<a class=\"link\" href=\"https:\/\/yukpet.net\/index.php\/service\/vidanjor-hizmeti\/\"><\/a>\n\t\t\t\t\t\t\t<a href=\"https:\/\/yukpet.net\/index.php\/service\/vidanjor-hizmeti\/\"><\/a>\n\t\t\t\t\t\t\t<img loading=\"lazy\" decoding=\"async\" width=\"540\" height=\"360\" src=\"https:\/\/yukpet.net\/wp-content\/uploads\/2025\/06\/PHOTO-2025-06-02-23-02-38-3-540x360.webp\" class=\"attachment-cargohub-blog-grid-thumb-3 size-cargohub-blog-grid-thumb-3 wp-post-image\" alt=\"\" \/>\n\t\t\t\t\t\t<\/div>\n\t\t\t\t\t\t<div class=\"summary\">\n\t\t\t\t\t\t\t<h2 class=\"entry-title\"><a href=\"https:\/\/yukpet.net\/index.php\/service\/vidanjor-hizmeti\/\">Vidanj\u00f6r Hizmeti<\/a><\/h2>\n\t\t\t\t\t\t\t<p>Y\u00fckpet, yol yap\u0131m\u0131 ve bak\u0131m\u0131nda uzmanla\u015fm\u0131\u015f bir firma olarak, asfalt serme ve s\u0131k\u0131\u015ft\u0131rma hizmeti sunmaktad\u0131r. Bu hizmet, yollar\u0131n in\u015fas\u0131, yenilenmesi ve bak\u0131m\u0131 s\u00fcrecinde kritik bir rol oynamaktad\u0131r.<\/p>\n\t\t\t\t\t\t\t<a href=\"https:\/\/yukpet.net\/index.php\/service\/vidanjor-hizmeti\/\" class=\"read-more\">Daha Fazla...<\/a>\n\t\t\t\t\t\t<\/div>\n\t\t\t\t\t<\/div>\n\t\t\t\t<\/div><div class=\"item-service  col-xs-12 col-sm-6 col-md-4\">\n\t\t\t\t\t<div class=\"service-content\">\n\t\t\t\t\t\t<div class=\"entry-thumbnail\">\n\t\t\t\t\t\t\t<a class=\"link\" href=\"https:\/\/yukpet.net\/index.php\/service\/yol-bakim-onarim\/\"><\/a>\n\t\t\t\t\t\t\t<a href=\"https:\/\/yukpet.net\/index.php\/service\/yol-bakim-onarim\/\"><\/a>\n\t\t\t\t\t\t\t<img loading=\"lazy\" decoding=\"async\" width=\"540\" height=\"360\" src=\"https:\/\/yukpet.net\/wp-content\/uploads\/2024\/12\/3-1-540x360.jpeg\" class=\"attachment-cargohub-blog-grid-thumb-3 size-cargohub-blog-grid-thumb-3 wp-post-image\" alt=\"\" \/>\n\t\t\t\t\t\t<\/div>\n\t\t\t\t\t\t<div class=\"summary\">\n\t\t\t\t\t\t\t<h2 class=\"entry-title\"><a href=\"https:\/\/yukpet.net\/index.php\/service\/yol-bakim-onarim\/\">Yol Bak\u0131m Onar\u0131m<\/a><\/h2>\n\t\t\t\t\t\t\t<p>Y\u00fckpet, yol bak\u0131m\u0131 ve onar\u0131m\u0131nda uzmanla\u015fm\u0131\u015f bir firma olarak, yollar\u0131n g\u00fcvenli\u011fi ve kullan\u0131labilirli\u011fi i\u00e7in kapsaml\u0131 bir hizmet sunar. Yol bak\u0131m ve onar\u0131m\u0131, mevcut yol altyap\u0131s\u0131n\u0131n korunmas\u0131, d\u00fczeltilmesi ve iyile\u015ftirilmesi i\u00e7in \u00f6nemlidir.<\/p>\n\t\t\t\t\t\t\t<a href=\"https:\/\/yukpet.net\/index.php\/service\/yol-bakim-onarim\/\" class=\"read-more\">Daha Fazla...<\/a>\n\t\t\t\t\t\t<\/div>\n\t\t\t\t\t<\/div>\n\t\t\t\t<\/div><div class=\"item-service  col-xs-12 col-sm-6 col-md-4\">\n\t\t\t\t\t<div class=\"service-content\">\n\t\t\t\t\t\t<div class=\"entry-thumbnail\">\n\t\t\t\t\t\t\t<a class=\"link\" href=\"https:\/\/yukpet.net\/index.php\/service\/asfalt-bitum-nakli\/\"><\/a>\n\t\t\t\t\t\t\t<a href=\"https:\/\/yukpet.net\/index.php\/service\/asfalt-bitum-nakli\/\"><\/a>\n\t\t\t\t\t\t\t<img loading=\"lazy\" decoding=\"async\" width=\"540\" height=\"360\" src=\"https:\/\/yukpet.net\/wp-content\/uploads\/2024\/03\/2023-07-27-540x360.jpg\" class=\"attachment-cargohub-blog-grid-thumb-3 size-cargohub-blog-grid-thumb-3 wp-post-image\" alt=\"\" \/>\n\t\t\t\t\t\t<\/div>\n\t\t\t\t\t\t<div class=\"summary\">\n\t\t\t\t\t\t\t<h2 class=\"entry-title\"><a href=\"https:\/\/yukpet.net\/index.php\/service\/asfalt-bitum-nakli\/\">Asfalt \u2013 Bit\u00fcm Nakli<\/a><\/h2>\n\t\t\t\t\t\t\t<p>Y\u00fckpet, in\u015faat sekt\u00f6r\u00fcnde \u00f6nc\u00fc bir firma olarak, asfalt ve bit\u00fcm gibi malzemelerin g\u00fcvenli ve zaman\u0131nda nakliyesini sa\u011flar. Bu hizmet, yol yap\u0131m\u0131, bak\u0131m\u0131 ve onar\u0131m\u0131 gibi in\u015faat projelerinde kritik bir rol oynamaktad\u0131r.<\/p>\n\t\t\t\t\t\t\t<a href=\"https:\/\/yukpet.net\/index.php\/service\/asfalt-bitum-nakli\/\" class=\"read-more\">Daha Fazla...<\/a>\n\t\t\t\t\t\t<\/div>\n\t\t\t\t\t<\/div>\n\t\t\t\t<\/div><div class=\"item-service  col-xs-12 col-sm-6 col-md-4\">\n\t\t\t\t\t<div class=\"service-content\">\n\t\t\t\t\t\t<div class=\"entry-thumbnail\">\n\t\t\t\t\t\t\t<a class=\"link\" href=\"https:\/\/yukpet.net\/index.php\/service\/sathi-kaplama\/\"><\/a>\n\t\t\t\t\t\t\t<a href=\"https:\/\/yukpet.net\/index.php\/service\/sathi-kaplama\/\"><\/a>\n\t\t\t\t\t\t\t<img loading=\"lazy\" decoding=\"async\" width=\"540\" height=\"360\" src=\"https:\/\/yukpet.net\/wp-content\/uploads\/2024\/03\/12.jpg-1-540x360.webp\" class=\"attachment-cargohub-blog-grid-thumb-3 size-cargohub-blog-grid-thumb-3 wp-post-image\" alt=\"\" srcset=\"https:\/\/yukpet.net\/wp-content\/uploads\/2024\/03\/12.jpg-1-540x360.webp 540w, https:\/\/yukpet.net\/wp-content\/uploads\/2024\/03\/12.jpg-1-300x200.webp 300w, https:\/\/yukpet.net\/wp-content\/uploads\/2024\/03\/12.jpg-1.webp 672w\" sizes=\"auto, (max-width: 540px) 100vw, 540px\" \/>\n\t\t\t\t\t\t<\/div>\n\t\t\t\t\t\t<div class=\"summary\">\n\t\t\t\t\t\t\t<h2 class=\"entry-title\"><a href=\"https:\/\/yukpet.net\/index.php\/service\/sathi-kaplama\/\">Sathi Kaplama<\/a><\/h2>\n\t\t\t\t\t\t\t<p>Y\u00fckpet, yol yap\u0131m\u0131 ve bak\u0131m\u0131nda uzmanla\u015fm\u0131\u015f bir firma olarak, sathi kaplama hizmetini de kendi b\u00fcnyesinde sunmaktad\u0131r. Sathi kaplama, yol y\u00fczeylerinin d\u00fczg\u00fcnle\u015ftirilmesi ve korunmas\u0131 i\u00e7in \u00f6nemli bir i\u015flemdir.<\/p>\n\t\t\t\t\t\t\t<a href=\"https:\/\/yukpet.net\/index.php\/service\/sathi-kaplama\/\" class=\"read-more\">Daha Fazla...<\/a>\n\t\t\t\t\t\t<\/div>\n\t\t\t\t\t<\/div>\n\t\t\t\t<\/div><div class=\"item-service  col-xs-12 col-sm-6 col-md-4\">\n\t\t\t\t\t<div class=\"service-content\">\n\t\t\t\t\t\t<div class=\"entry-thumbnail\">\n\t\t\t\t\t\t\t<a class=\"link\" href=\"https:\/\/yukpet.net\/index.php\/service\/asfalt-plenti\/\"><\/a>\n\t\t\t\t\t\t\t<a href=\"https:\/\/yukpet.net\/index.php\/service\/asfalt-plenti\/\"><\/a>\n\t\t\t\t\t\t\t<img loading=\"lazy\" decoding=\"async\" width=\"540\" height=\"360\" src=\"https:\/\/yukpet.net\/wp-content\/uploads\/2024\/03\/0a34520a-3d6f-42f8-81af-32debf56f142-540x360.jpg\" class=\"attachment-cargohub-blog-grid-thumb-3 size-cargohub-blog-grid-thumb-3 wp-post-image\" alt=\"\" \/>\n\t\t\t\t\t\t<\/div>\n\t\t\t\t\t\t<div class=\"summary\">\n\t\t\t\t\t\t\t<h2 class=\"entry-title\"><a href=\"https:\/\/yukpet.net\/index.php\/service\/asfalt-plenti\/\">Asfalt Plenti<\/a><\/h2>\n\t\t\t\t\t\t\t<p>Y\u00fckpet, kendi b\u00fcnyesinde bulunan modern tesislerinde y\u00fcksek kaliteli asfalt \u00fcretimini sa\u011flar. Asfalt plentleri, Y\u00fckpet\u2019in kendi tesislerinde \u00fcretilen asfalt, standartlara uygun, dayan\u0131kl\u0131 ve uzun \u00f6m\u00fcrl\u00fcd\u00fcr.<\/p>\n\t\t\t\t\t\t\t<a href=\"https:\/\/yukpet.net\/index.php\/service\/asfalt-plenti\/\" class=\"read-more\">Daha Fazla...<\/a>\n\t\t\t\t\t\t<\/div>\n\t\t\t\t\t<\/div>\n\t\t\t\t<\/div><div class=\"item-service  col-xs-12 col-sm-6 col-md-4\">\n\t\t\t\t\t<div class=\"service-content\">\n\t\t\t\t\t\t<div class=\"entry-thumbnail\">\n\t\t\t\t\t\t\t<a class=\"link\" href=\"https:\/\/yukpet.net\/index.php\/service\/parke-doseme\/\"><\/a>\n\t\t\t\t\t\t\t<a href=\"https:\/\/yukpet.net\/index.php\/service\/parke-doseme\/\"><\/a>\n\t\t\t\t\t\t\t<img loading=\"lazy\" decoding=\"async\" width=\"540\" height=\"360\" src=\"https:\/\/yukpet.net\/wp-content\/uploads\/2024\/12\/1-3-540x360.jpeg\" class=\"attachment-cargohub-blog-grid-thumb-3 size-cargohub-blog-grid-thumb-3 wp-post-image\" alt=\"\" \/>\n\t\t\t\t\t\t<\/div>\n\t\t\t\t\t\t<div class=\"summary\">\n\t\t\t\t\t\t\t<h2 class=\"entry-title\"><a href=\"https:\/\/yukpet.net\/index.php\/service\/parke-doseme\/\">Beton Kilit Parke D\u00f6\u015feme<\/a><\/h2>\n\t\t\t\t\t\t\t<p>Y\u00fckpet, d\u0131\u015f mekanlarda kullan\u0131lan sa\u011flam, estetik ve dayan\u0131kl\u0131 bir d\u00f6\u015feme \u00e7e\u015fidi olan beton kilit parke d\u00f6\u015feme hizmetini, m\u00fc\u015fterilerinin ihtiya\u00e7lar\u0131n\u0131 kar\u015f\u0131lamak i\u00e7in sunmaktad\u0131r.<\/p>\n\t\t\t\t\t\t\t<a href=\"https:\/\/yukpet.net\/index.php\/service\/parke-doseme\/\" class=\"read-more\">Daha Fazla...<\/a>\n\t\t\t\t\t\t<\/div>\n\t\t\t\t\t<\/div>\n\t\t\t\t<\/div><div class=\"item-service  col-xs-12 col-sm-6 col-md-4\">\n\t\t\t\t\t<div class=\"service-content\">\n\t\t\t\t\t\t<div class=\"entry-thumbnail\">\n\t\t\t\t\t\t\t<a class=\"link\" href=\"https:\/\/yukpet.net\/index.php\/service\/asfalt-serme\/\"><\/a>\n\t\t\t\t\t\t\t<a href=\"https:\/\/yukpet.net\/index.php\/service\/asfalt-serme\/\"><\/a>\n\t\t\t\t\t\t\t<img loading=\"lazy\" decoding=\"async\" width=\"540\" height=\"360\" src=\"https:\/\/yukpet.net\/wp-content\/uploads\/2024\/03\/b3810222-abb3-4d9a-aa27-092b36d89c8d-540x360.jpg\" class=\"attachment-cargohub-blog-grid-thumb-3 size-cargohub-blog-grid-thumb-3 wp-post-image\" alt=\"\" \/>\n\t\t\t\t\t\t<\/div>\n\t\t\t\t\t\t<div class=\"summary\">\n\t\t\t\t\t\t\t<h2 class=\"entry-title\"><a href=\"https:\/\/yukpet.net\/index.php\/service\/asfalt-serme\/\">Asfalt Serme Ve S\u0131k\u0131\u015ft\u0131rma<\/a><\/h2>\n\t\t\t\t\t\t\t<p>Y\u00fckpet, yol yap\u0131m\u0131 ve bak\u0131m\u0131nda uzmanla\u015fm\u0131\u015f bir firma olarak, asfalt serme ve s\u0131k\u0131\u015ft\u0131rma hizmeti sunmaktad\u0131r. Bu hizmet, yollar\u0131n in\u015fas\u0131, yenilenmesi ve bak\u0131m\u0131 s\u00fcrecinde kritik bir rol oynamaktad\u0131r.<\/p>\n\t\t\t\t\t\t\t<a href=\"https:\/\/yukpet.net\/index.php\/service\/asfalt-serme\/\" class=\"read-more\">Daha Fazla...<\/a>\n\t\t\t\t\t\t<\/div>\n\t\t\t\t\t<\/div>\n\t\t\t\t<\/div><\/div>\n            <\/div>[\/vc_column][\/vc_row]<\/p>\n<\/div>","protected":false},"excerpt":{"rendered":"<p>[vc_row css=&#8221;.vc_custom_1500957224126{padding-top: 75px !important;padding-bottom: 30px !important;}&#8221;][vc_column][vc_row_inner css=&#8221;.vc_custom_1503375948783{padding-bottom: 25px !important;}&#8221;][vc_column_inner offset=&#8221;vc_col-lg-6 vc_col-md-6&#8243; css=&#8221;.vc_custom_1503375955438{padding-bottom: 30px !important;}&#8221;][vc_column_text css=&#8221;.vc_custom_1709331529835{border-left-width: 2px !important;padding-left: 20px !important;border-left-color: #ff0000&hellip;<\/p>\n","protected":false},"author":1,"featured_media":0,"parent":0,"menu_order":0,"comment_status":"closed","ping_status":"closed","template":"template-fullwidth.php","meta":{"om_disable_all_campaigns":false,"_monsterinsights_skip_tracking":false,"_monsterinsights_sitenote_active":false,"_monsterinsights_sitenote_note":"","_monsterinsights_sitenote_category":0,"_uf_show_specific_survey":0,"_uf_disable_surveys":false,"_joinchat":[],"footnotes":""},"class_list":["post-27","page","type-page","status-publish","hentry",""],"yoast_head":"<!-- This site is optimized with the Yoast SEO plugin v25.3 - https:\/\/yoast.com\/wordpress\/plugins\/seo\/ -->\n<title>H\u0130ZMETLER\u0130M\u0130Z - Y\u00fckpet<\/title>\n<meta name=\"robots\" content=\"index, follow, max-snippet:-1, max-image-preview:large, max-video-preview:-1\" \/>\n<link rel=\"canonical\" href=\"https:\/\/yukpet.net\/index.php\/hizmetlerimiz\/\" \/>\n<meta property=\"og:locale\" content=\"tr_TR\" \/>\n<meta property=\"og:type\" content=\"article\" \/>\n<meta property=\"og:title\" content=\"H\u0130ZMETLER\u0130M\u0130Z - Y\u00fckpet\" \/>\n<meta property=\"og:description\" content=\"[vc_row css=&#8221;.vc_custom_1500957224126{padding-top: 75px !important;padding-bottom: 30px !important;}&#8221;][vc_column][vc_row_inner css=&#8221;.vc_custom_1503375948783{padding-bottom: 25px !important;}&#8221;][vc_column_inner offset=&#8221;vc_col-lg-6 vc_col-md-6&#8243; css=&#8221;.vc_custom_1503375955438{padding-bottom: 30px !important;}&#8221;][vc_column_text css=&#8221;.vc_custom_1709331529835{border-left-width: 2px !important;padding-left: 20px !important;border-left-color: #ff0000&hellip;\" \/>\n<meta property=\"og:url\" content=\"https:\/\/yukpet.net\/index.php\/hizmetlerimiz\/\" \/>\n<meta property=\"og:site_name\" content=\"Y\u00fckpet\" \/>\n<meta property=\"article:modified_time\" content=\"2024-03-10T23:43:24+00:00\" \/>\n<meta name=\"twitter:card\" content=\"summary_large_image\" \/>\n<meta name=\"twitter:label1\" content=\"Tahmini okuma s\u00fcresi\" \/>\n\t<meta name=\"twitter:data1\" content=\"1 dakika\" \/>\n<script type=\"application\/ld+json\" class=\"yoast-schema-graph\">{\"@context\":\"https:\/\/schema.org\",\"@graph\":[{\"@type\":\"WebPage\",\"@id\":\"https:\/\/yukpet.net\/index.php\/hizmetlerimiz\/\",\"url\":\"https:\/\/yukpet.net\/index.php\/hizmetlerimiz\/\",\"name\":\"H\u0130ZMETLER\u0130M\u0130Z - Y\u00fckpet\",\"isPartOf\":{\"@id\":\"https:\/\/yukpet.net\/#website\"},\"datePublished\":\"2024-03-01T09:31:09+00:00\",\"dateModified\":\"2024-03-10T23:43:24+00:00\",\"inLanguage\":\"tr\",\"potentialAction\":[{\"@type\":\"ReadAction\",\"target\":[\"https:\/\/yukpet.net\/index.php\/hizmetlerimiz\/\"]}]},{\"@type\":\"WebSite\",\"@id\":\"https:\/\/yukpet.net\/#website\",\"url\":\"https:\/\/yukpet.net\/\",\"name\":\"Y\u00fckpet\",\"description\":\"\u0130n\u015faat, Asfalt, Nakliyat, Taahh\u00fct ve Ticaret Limited \u015eirketi.\",\"publisher\":{\"@id\":\"https:\/\/yukpet.net\/#organization\"},\"potentialAction\":[{\"@type\":\"SearchAction\",\"target\":{\"@type\":\"EntryPoint\",\"urlTemplate\":\"https:\/\/yukpet.net\/?s={search_term_string}\"},\"query-input\":{\"@type\":\"PropertyValueSpecification\",\"valueRequired\":true,\"valueName\":\"search_term_string\"}}],\"inLanguage\":\"tr\"},{\"@type\":\"Organization\",\"@id\":\"https:\/\/yukpet.net\/#organization\",\"name\":\"Y\u00fckpet asfalt in\u015faat\",\"url\":\"https:\/\/yukpet.net\/\",\"logo\":{\"@type\":\"ImageObject\",\"inLanguage\":\"tr\",\"@id\":\"https:\/\/yukpet.net\/#\/schema\/logo\/image\/\",\"url\":\"https:\/\/yukpet.net\/wp-content\/uploads\/2024\/02\/b.png\",\"contentUrl\":\"https:\/\/yukpet.net\/wp-content\/uploads\/2024\/02\/b.png\",\"width\":1280,\"height\":611,\"caption\":\"Y\u00fckpet asfalt in\u015faat\"},\"image\":{\"@id\":\"https:\/\/yukpet.net\/#\/schema\/logo\/image\/\"}}]}<\/script>\n<!-- \/ Yoast SEO plugin. -->","yoast_head_json":{"title":"H\u0130ZMETLER\u0130M\u0130Z - Y\u00fckpet","robots":{"index":"index","follow":"follow","max-snippet":"max-snippet:-1","max-image-preview":"max-image-preview:large","max-video-preview":"max-video-preview:-1"},"canonical":"https:\/\/yukpet.net\/index.php\/hizmetlerimiz\/","og_locale":"tr_TR","og_type":"article","og_title":"H\u0130ZMETLER\u0130M\u0130Z - Y\u00fckpet","og_description":"[vc_row css=&#8221;.vc_custom_1500957224126{padding-top: 75px !important;padding-bottom: 30px !important;}&#8221;][vc_column][vc_row_inner css=&#8221;.vc_custom_1503375948783{padding-bottom: 25px !important;}&#8221;][vc_column_inner offset=&#8221;vc_col-lg-6 vc_col-md-6&#8243; css=&#8221;.vc_custom_1503375955438{padding-bottom: 30px !important;}&#8221;][vc_column_text css=&#8221;.vc_custom_1709331529835{border-left-width: 2px !important;padding-left: 20px !important;border-left-color: #ff0000&hellip;","og_url":"https:\/\/yukpet.net\/index.php\/hizmetlerimiz\/","og_site_name":"Y\u00fckpet","article_modified_time":"2024-03-10T23:43:24+00:00","twitter_card":"summary_large_image","twitter_misc":{"Tahmini okuma s\u00fcresi":"1 dakika"},"schema":{"@context":"https:\/\/schema.org","@graph":[{"@type":"WebPage","@id":"https:\/\/yukpet.net\/index.php\/hizmetlerimiz\/","url":"https:\/\/yukpet.net\/index.php\/hizmetlerimiz\/","name":"H\u0130ZMETLER\u0130M\u0130Z - Y\u00fckpet","isPartOf":{"@id":"https:\/\/yukpet.net\/#website"},"datePublished":"2024-03-01T09:31:09+00:00","dateModified":"2024-03-10T23:43:24+00:00","inLanguage":"tr","potentialAction":[{"@type":"ReadAction","target":["https:\/\/yukpet.net\/index.php\/hizmetlerimiz\/"]}]},{"@type":"WebSite","@id":"https:\/\/yukpet.net\/#website","url":"https:\/\/yukpet.net\/","name":"Y\u00fckpet","description":"\u0130n\u015faat, Asfalt, Nakliyat, Taahh\u00fct ve Ticaret Limited \u015eirketi.","publisher":{"@id":"https:\/\/yukpet.net\/#organization"},"potentialAction":[{"@type":"SearchAction","target":{"@type":"EntryPoint","urlTemplate":"https:\/\/yukpet.net\/?s={search_term_string}"},"query-input":{"@type":"PropertyValueSpecification","valueRequired":true,"valueName":"search_term_string"}}],"inLanguage":"tr"},{"@type":"Organization","@id":"https:\/\/yukpet.net\/#organization","name":"Y\u00fckpet asfalt in\u015faat","url":"https:\/\/yukpet.net\/","logo":{"@type":"ImageObject","inLanguage":"tr","@id":"https:\/\/yukpet.net\/#\/schema\/logo\/image\/","url":"https:\/\/yukpet.net\/wp-content\/uploads\/2024\/02\/b.png","contentUrl":"https:\/\/yukpet.net\/wp-content\/uploads\/2024\/02\/b.png","width":1280,"height":611,"caption":"Y\u00fckpet asfalt in\u015faat"},"image":{"@id":"https:\/\/yukpet.net\/#\/schema\/logo\/image\/"}}]}},"_links":{"self":[{"href":"https:\/\/yukpet.net\/index.php\/wp-json\/wp\/v2\/pages\/27","targetHints":{"allow":["GET"]}}],"collection":[{"href":"https:\/\/yukpet.net\/index.php\/wp-json\/wp\/v2\/pages"}],"about":[{"href":"https:\/\/yukpet.net\/index.php\/wp-json\/wp\/v2\/types\/page"}],"author":[{"embeddable":true,"href":"https:\/\/yukpet.net\/index.php\/wp-json\/wp\/v2\/users\/1"}],"replies":[{"embeddable":true,"href":"https:\/\/yukpet.net\/index.php\/wp-json\/wp\/v2\/comments?post=27"}],"version-history":[{"count":10,"href":"https:\/\/yukpet.net\/index.php\/wp-json\/wp\/v2\/pages\/27\/revisions"}],"predecessor-version":[{"id":2777,"href":"https:\/\/yukpet.net\/index.php\/wp-json\/wp\/v2\/pages\/27\/revisions\/2777"}],"wp:attachment":[{"href":"https:\/\/yukpet.net\/index.php\/wp-json\/wp\/v2\/media?parent=27"}],"curies":[{"name":"wp","href":"https:\/\/api.w.org\/{rel}","templated":true}]}}